{"id":854,"date":"2023-02-18T08:08:10","date_gmt":"2023-02-18T08:08:10","guid":{"rendered":"https:\/\/woodstill.com\/?page_id=854"},"modified":"2023-02-19T10:13:22","modified_gmt":"2023-02-19T10:13:22","slug":"materiais","status":"publish","type":"page","link":"https:\/\/woodstill.com\/index.php\/materiais\/","title":{"rendered":"Materiais"},"content":{"rendered":"[vc_row type=&#8221;in_container&#8221; full_screen_row_position=&#8221;middle&#8221; column_margin=&#8221;default&#8221; column_direction=&#8221;default&#8221; column_direction_tablet=&#8221;default&#8221; column_direction_phone=&#8221;default&#8221; scene_position=&#8221;center&#8221; bottom_padding=&#8221;0%&#8221; left_padding_desktop=&#8221;8%&#8221; right_padding_desktop=&#8221;8%&#8221; top_padding_tablet=&#8221;10%&#8221; bottom_padding_tablet=&#8221;15%&#8221; left_padding_tablet=&#8221;8%&#8221; top_padding_phone=&#8221;-20%&#8221; text_color=&#8221;dark&#8221; text_align=&#8221;left&#8221; row_border_radius=&#8221;none&#8221; row_border_radius_applies=&#8221;bg&#8221; overflow=&#8221;hidden&#8221; advanced_gradient_angle=&#8221;0&#8243; overlay_strength=&#8221;0.3&#8243; gradient_direction=&#8221;left_to_right&#8221; shape_divider_color=&#8221;#000000&#8243; shape_divider_position=&#8221;top&#8221; bg_image_animation=&#8221;none&#8221; shape_type=&#8221;straight_section&#8221; gradient_type=&#8221;default&#8221;][vc_column column_padding=&#8221;no-extra-padding&#8221; column_padding_tablet=&#8221;inherit&#8221; column_padding_phone=&#8221;inherit&#8221; column_padding_position=&#8221;all&#8221; column_element_spacing=&#8221;0px&#8221; background_color_opacity=&#8221;1&#8243; background_hover_color_opacity=&#8221;1&#8243; column_shadow=&#8221;none&#8221; column_border_radius=&#8221;none&#8221; column_link_target=&#8221;_self&#8221; column_position=&#8221;default&#8221; gradient_direction=&#8221;left_to_right&#8221; overlay_strength=&#8221;0.3&#8243; width=&#8221;1\/1&#8243; tablet_width_inherit=&#8221;default&#8221; tablet_text_alignment=&#8221;default&#8221; phone_text_alignment=&#8221;default&#8221; animation_type=&#8221;default&#8221; bg_image_animation=&#8221;none&#8221; border_type=&#8221;simple&#8221; column_border_width=&#8221;none&#8221; column_border_style=&#8221;solid&#8221;][split_line_heading animation_type=&#8221;line-reveal-by-space&#8221; font_style=&#8221;h1&#8243; text_color=&#8221;#104b4f&#8221; line_reveal_by_space_text_effect=&#8221;default&#8221; content_alignment=&#8221;default&#8221; mobile_content_alignment=&#8221;inherit&#8221; link_target=&#8221;_self&#8221; text_content=&#8221;MATERIAIS WOODSTILL&#8221; font_size=&#8221;35&#8243;][\/split_line_heading][divider line_type=&#8221;Small Line&#8221; line_alignment=&#8221;default&#8221; line_thickness=&#8221;1&#8243; divider_color=&#8221;accent-color&#8221; custom_height=&#8221;20px&#8221; custom_height_phone=&#8221;10px&#8221;][divider line_type=&#8221;No Line&#8221; custom_height=&#8221;10px&#8221; custom_height_phone=&#8221;10px&#8221;][split_line_heading animation_type=&#8221;line-reveal-by-space&#8221; font_style=&#8221;h2&#8243; line_reveal_by_space_text_effect=&#8221;default&#8221; content_alignment=&#8221;default&#8221; mobile_content_alignment=&#8221;inherit&#8221; link_target=&#8221;_self&#8221; text_content=&#8221;MADEIRA&#8221;][\/split_line_heading][vc_column_text]A madeira \u00e9 um material natural e por isso n\u00e3o existem pe\u00e7as iguais, diferentes em veio, tonalidade e imperfei\u00e7\u00f5es naturais. Devido \u00e0s mudan\u00e7as nas condi\u00e7\u00f5es atmosf\u00e9ricas, a humidade da madeira muda e pode aumentar ou diminuir o seu volume, causando rachadelas e fissuras, independentemente do tratamento que \u00e9 aplicado.<br \/>\nA <strong>WOODSTILL<\/strong> seleciona as madeiras, sempre com proveni\u00eancia de produtores com certifica\u00e7\u00e3o FSC e PEFC, que melhor se adequam ao produto e\/ou ao projeto, de acordo com a disponibilidade no mercado, optando, normalmente, por Pinus Pinaster ou Pinus Silvestris.<br \/>\nEm caso de d\u00favida sobre o procedimento adequado de manuten\u00e7\u00e3o, entre-se em <a href=\"https:\/\/woodstill.com\/index.php\/contactos\/\">contacto<\/a> com o Departamento de Qualidade da <strong>WOODSTILL<\/strong> para obter orienta\u00e7\u00e3o.[\/vc_column_text][\/vc_column][\/vc_row][vc_row type=&#8221;full_width_background&#8221; full_screen_row_position=&#8221;middle&#8221; column_margin=&#8221;default&#8221; column_direction=&#8221;default&#8221; column_direction_tablet=&#8221;default&#8221; column_direction_phone=&#8221;default&#8221; bg_color=&#8221;#104b4f&#8221; scene_position=&#8221;center&#8221; top_padding=&#8221;6%&#8221; bottom_padding=&#8221;6%&#8221; left_padding_desktop=&#8221;8%&#8221; right_padding_desktop=&#8221;8%&#8221; top_padding_tablet=&#8221;10%&#8221; bottom_padding_tablet=&#8221;15%&#8221; left_padding_tablet=&#8221;8%&#8221; text_color=&#8221;custom&#8221; custom_text_color=&#8221;#ffffff&#8221; text_align=&#8221;left&#8221; row_border_radius=&#8221;none&#8221; row_border_radius_applies=&#8221;bg&#8221; overflow=&#8221;visible&#8221; advanced_gradient_angle=&#8221;0&#8243; overlay_strength=&#8221;0.3&#8243; gradient_direction=&#8221;left_to_right&#8221; enable_shape_divider=&#8221;true&#8221; shape_divider_color=&#8221;rgba(0,0,0,0.1)&#8221; shape_divider_position=&#8221;both&#8221; shape_divider_height=&#8221;1&#8243; bg_image_animation=&#8221;none&#8221; shape_type=&#8221;straight_section&#8221; gradient_type=&#8221;default&#8221;][vc_column column_padding=&#8221;no-extra-padding&#8221; column_padding_tablet=&#8221;inherit&#8221; column_padding_phone=&#8221;inherit&#8221; column_padding_position=&#8221;all&#8221; column_element_spacing=&#8221;0px&#8221; background_color_opacity=&#8221;1&#8243; background_hover_color_opacity=&#8221;1&#8243; column_shadow=&#8221;none&#8221; column_border_radius=&#8221;none&#8221; column_link_target=&#8221;_self&#8221; column_position=&#8221;default&#8221; gradient_direction=&#8221;left_to_right&#8221; overlay_strength=&#8221;0.3&#8243; width=&#8221;1\/1&#8243; tablet_width_inherit=&#8221;default&#8221; tablet_text_alignment=&#8221;default&#8221; phone_text_alignment=&#8221;default&#8221; animation_type=&#8221;default&#8221; bg_image_animation=&#8221;none&#8221; border_type=&#8221;simple&#8221; column_border_width=&#8221;none&#8221; column_border_style=&#8221;solid&#8221;][split_line_heading animation_type=&#8221;line-reveal-by-space&#8221; font_style=&#8221;h2&#8243; text_color=&#8221;#ffffff&#8221; line_reveal_by_space_text_effect=&#8221;default&#8221; content_alignment=&#8221;default&#8221; mobile_content_alignment=&#8221;inherit&#8221; link_target=&#8221;_self&#8221; text_content=&#8221;A\u00c7O INOXID\u00c1VEL&#8221;][\/split_line_heading][vc_column_text]Os materiais de a\u00e7o inoxid\u00e1vel s\u00e3o sempre em AISI 316, indicadas para condi\u00e7\u00f5es muito agressivas. Pode ser fornecido com um acabamento satinado (esmerilado) ou com decapagem por microesfera de vidro. A pedido, e sujeito a custos adicionais, pode ser fornecido tratamento de eletropolimento.<br \/>\nNo caso de instala\u00e7\u00e3o de produtos de a\u00e7o inoxid\u00e1vel em \u00e1reas caracterizadas por ar salgado (por exemplo, perto do mar) ou por forte polui\u00e7\u00e3o, a <strong>WOODSTILL<\/strong> recomenda a utiliza\u00e7\u00e3o de eletropolimento tendo em conta que melhora a resist\u00eancia do a\u00e7o inoxid\u00e1vel \u00e0 corros\u00e3o.<br \/>\nA <strong>WOODSTILL<\/strong> recomenda a limpeza peri\u00f3dica dos produtos de a\u00e7o inox para eliminar sal, poeira e outros dep\u00f3sitos que possam alterar a camada protetora do material.<br \/>\nEm caso de d\u00favidas sobre o procedimento adequado de manuten\u00e7\u00e3o, entre em <a href=\"https:\/\/woodstill.com\/index.php\/contactos\/\">contacto<\/a> com o Departamento de Qualidade da <strong>WOODSTILL<\/strong> para obter orienta\u00e7\u00e3o.[\/vc_column_text][divider line_type=&#8221;No Line&#8221; custom_height=&#8221;10px&#8221;][\/vc_column][\/vc_row][vc_row type=&#8221;in_container&#8221; full_screen_row_position=&#8221;middle&#8221; column_margin=&#8221;default&#8221; column_direction=&#8221;default&#8221; column_direction_tablet=&#8221;default&#8221; column_direction_phone=&#8221;default&#8221; scene_position=&#8221;center&#8221; top_padding=&#8221;5%&#8221; bottom_padding=&#8221;0%&#8221; left_padding_desktop=&#8221;8%&#8221; right_padding_desktop=&#8221;8%&#8221; top_padding_tablet=&#8221;10%&#8221; bottom_padding_tablet=&#8221;15%&#8221; left_padding_tablet=&#8221;8%&#8221; top_padding_phone=&#8221;-20%&#8221; text_color=&#8221;dark&#8221; text_align=&#8221;left&#8221; row_border_radius=&#8221;none&#8221; row_border_radius_applies=&#8221;bg&#8221; overflow=&#8221;hidden&#8221; advanced_gradient_angle=&#8221;0&#8243; overlay_strength=&#8221;0.3&#8243; gradient_direction=&#8221;left_to_right&#8221; shape_divider_color=&#8221;#000000&#8243; shape_divider_position=&#8221;top&#8221; bg_image_animation=&#8221;none&#8221; shape_type=&#8221;straight_section&#8221; gradient_type=&#8221;default&#8221;][vc_column column_padding=&#8221;no-extra-padding&#8221; column_padding_tablet=&#8221;inherit&#8221; column_padding_phone=&#8221;inherit&#8221; column_padding_position=&#8221;all&#8221; column_element_spacing=&#8221;0px&#8221; background_color_opacity=&#8221;1&#8243; background_hover_color_opacity=&#8221;1&#8243; column_shadow=&#8221;none&#8221; column_border_radius=&#8221;none&#8221; column_link_target=&#8221;_self&#8221; column_position=&#8221;default&#8221; gradient_direction=&#8221;left_to_right&#8221; overlay_strength=&#8221;0.3&#8243; width=&#8221;1\/1&#8243; tablet_width_inherit=&#8221;default&#8221; tablet_text_alignment=&#8221;default&#8221; phone_text_alignment=&#8221;default&#8221; animation_type=&#8221;default&#8221; bg_image_animation=&#8221;none&#8221; border_type=&#8221;simple&#8221; column_border_width=&#8221;none&#8221; column_border_style=&#8221;solid&#8221;][split_line_heading animation_type=&#8221;line-reveal-by-space&#8221; font_style=&#8221;h2&#8243; line_reveal_by_space_text_effect=&#8221;default&#8221; content_alignment=&#8221;default&#8221; mobile_content_alignment=&#8221;inherit&#8221; link_target=&#8221;_self&#8221; text_content=&#8221;A\u00c7O CORTEN&#8221;][\/split_line_heading][vc_column_text]O A\u00e7o Corten \u00e9 um material mut\u00e1vel ao longo do tempo, n\u00e3o uniforme na apar\u00eancia e apresenta tonalidades e cores \u00fanicas em cada produto. Jateamos os nossos produtos em A\u00e7o Corten, projetando-os, para conseguir um resultado uniforme, antes de prosseguirmos com o processo de oxida\u00e7\u00e3o. Para reduzir o vazamento fisiol\u00f3gico de \u00f3xido, mediante solicita\u00e7\u00e3o, est\u00e3o dispon\u00edveis tratamentos de prote\u00e7\u00e3o. Em ambientes particularmente salinos, o A\u00e7o Corten pode ter uma rea\u00e7\u00e3o diferente.<br \/>\nPara iniciar o processo de matura\u00e7\u00e3o do A\u00e7o Corten, a <strong>WOODSTILL<\/strong> utiliza um processo de oxida\u00e7\u00e3o por exposi\u00e7\u00e3o a agentes externos.<br \/>\nO A\u00e7o Corten \u00e9 um material \u201cvivo\u201d, podendo variar ao longo do tempo em tonalidades e toque consoante forma e posi\u00e7\u00e3o em que \u00e9 instalado, incluindo a intemp\u00e9rie a que est\u00e1 sujeito.<br \/>\nO per\u00edodo estabiliza\u00e7\u00e3o do processo de matura\u00e7\u00e3o do Corten, conferindo ao material uma colora\u00e7\u00e3o acastanhada t\u00edpica do oxidado, \u00e9 de aproximadamente 15 meses em condi\u00e7\u00f5es climat\u00e9ricas normais.<br \/>\nO Corten pode vazar \u00f3xido, que pode manchar as superf\u00edcies onde os produtos est\u00e3o localizados: isso deve ser considerado comportamento natural e fisiol\u00f3gico do material.<br \/>\nPara reduzir este vazamento, a <strong>WOODSTILL<\/strong> tem um tratamento espec\u00edfico que pode ser solicitado; n\u00e3o interrompe completamente, mas diminuir\u00e1 significativamente e fornecer\u00e1 ao produto um aspeto mais escuro.<br \/>\nNas proximidades do mar, pode levar \u00e0 forma\u00e7\u00e3o de \u00f3xidos nas superf\u00edcies que resultam no aspeto e cor diferentes, no entanto, a resist\u00eancia mec\u00e2nica do material \u00e9 mantida:<\/p>\n<p><strong>Aspeto com 1 m\u00eas de Oxida\u00e7\u00e3o<br \/>\n<\/strong><img loading=\"lazy\" decoding=\"async\" class=\"alignnone size-full wp-image-914\" src=\"https:\/\/woodstill.com\/wp-content\/uploads\/2023\/02\/1MES.png\" alt=\"\" width=\"259\" height=\"15\" \/><br \/>\n<strong>Aspeto ap\u00f3s aproximadamente 4\/6 meses \u00e0 intemp\u00e9rie<br \/>\n<\/strong><img loading=\"lazy\" decoding=\"async\" class=\"alignnone size-full wp-image-915\" src=\"https:\/\/woodstill.com\/wp-content\/uploads\/2023\/02\/46MESES.png\" alt=\"\" width=\"275\" height=\"15\" \/><br \/>\n<strong>Aspeto ap\u00f3s per\u00edodo de oxida\u00e7\u00e3o ap\u00f3s cerca de 15 meses \u00e0 intemp\u00e9rie<br \/>\n<\/strong><img loading=\"lazy\" decoding=\"async\" class=\"alignnone wp-image-916\" src=\"https:\/\/woodstill.com\/wp-content\/uploads\/2023\/02\/periodo.png\" alt=\"\" width=\"247\" height=\"15\" \/><\/p>\n<p>Em caso de d\u00favida sobre o procedimento adequado de manuten\u00e7\u00e3o, entre em <a href=\"https:\/\/woodstill.com\/index.php\/contactos\/\">contacto<\/a> com o Departamento de Qualidade da <strong>WOODSTILL<\/strong> para obter orienta\u00e7\u00e3o.[\/vc_column_text][\/vc_column][\/vc_row][vc_row type=&#8221;full_width_content&#8221; full_screen_row_position=&#8221;middle&#8221; column_margin=&#8221;default&#8221; column_direction=&#8221;default&#8221; column_direction_tablet=&#8221;default&#8221; column_direction_phone=&#8221;default&#8221; bg_image=&#8221;671&#8243; bg_position=&#8221;center center&#8221; background_image_loading=&#8221;default&#8221; bg_repeat=&#8221;no-repeat&#8221; scene_position=&#8221;center&#8221; text_color=&#8221;light&#8221; text_align=&#8221;left&#8221; row_border_radius=&#8221;none&#8221; row_border_radius_applies=&#8221;bg&#8221; overflow=&#8221;visible&#8221; advanced_gradient_angle=&#8221;0&#8243; shape_divider_position=&#8221;bottom&#8221; bg_image_animation=&#8221;none&#8221; parallax_bg=&#8221;true&#8221; parallax_bg_speed=&#8221;medium_fast&#8221; gradient_type=&#8221;advanced&#8221; shape_type=&#8221;&#8221; advanced_gradient_display_type=&#8221;linear&#8221;][vc_column column_padding=&#8221;no-extra-padding&#8221; column_padding_tablet=&#8221;inherit&#8221; column_padding_phone=&#8221;inherit&#8221; column_padding_position=&#8221;all&#8221; column_element_spacing=&#8221;default&#8221; centered_text=&#8221;true&#8221; background_color_opacity=&#8221;1&#8243; background_hover_color_opacity=&#8221;1&#8243; column_shadow=&#8221;none&#8221; column_border_radius=&#8221;none&#8221; column_link_target=&#8221;_self&#8221; column_position=&#8221;default&#8221; gradient_direction=&#8221;left_to_right&#8221; overlay_strength=&#8221;0.3&#8243; width=&#8221;1\/1&#8243; tablet_width_inherit=&#8221;default&#8221; tablet_text_alignment=&#8221;default&#8221; phone_text_alignment=&#8221;default&#8221; animation_type=&#8221;default&#8221; bg_image_animation=&#8221;none&#8221; border_type=&#8221;simple&#8221; column_border_width=&#8221;none&#8221; column_border_style=&#8221;solid&#8221; gradient_type=&#8221;default&#8221;][divider line_type=&#8221;No Line&#8221; custom_height=&#8221;80vh&#8221; custom_height_tablet=&#8221;65vh&#8221;][\/vc_column][\/vc_row]\n","protected":false},"excerpt":{"rendered":"<p>[vc_row type=&#8221;in_container&#8221; full_screen_row_position=&#8221;middle&#8221; column_margin=&#8221;default&#8221; column_direction=&#8221;default&#8221; column_direction_tablet=&#8221;default&#8221; column_direction_phone=&#8221;default&#8221; scene_position=&#8221;center&#8221; bottom_padding=&#8221;0%&#8221; left_padding_desktop=&#8221;8%&#8221; right_padding_desktop=&#8221;8%&#8221; top_padding_tablet=&#8221;10%&#8221; bottom_padding_tablet=&#8221;15%&#8221; left_padding_tablet=&#8221;8%&#8221; top_padding_phone=&#8221;-20%&#8221; text_color=&#8221;dark&#8221; text_align=&#8221;left&#8221; row_border_radius=&#8221;none&#8221; row_border_radius_applies=&#8221;bg&#8221; overflow=&#8221;hidden&#8221; advanced_gradient_angle=&#8221;0&#8243; overlay_strength=&#8221;0.3&#8243; gradient_direction=&#8221;left_to_right&#8221; shape_divider_color=&#8221;#000000&#8243; shape_divider_position=&#8221;top&#8221; bg_image_animation=&#8221;none&#8221; shape_type=&#8221;straight_section&#8221; gradient_type=&#8221;default&#8221;][vc_column column_padding=&#8221;no-extra-padding&#8221; column_padding_tablet=&#8221;inherit&#8221;&#8230;<\/p>\n","protected":false},"author":1,"featured_media":0,"parent":0,"menu_order":0,"comment_status":"closed","ping_status":"closed","template":"","meta":{"footnotes":""},"class_list":["post-854","page","type-page","status-publish"],"yoast_head":"<!-- This site is optimized with the Yoast SEO plugin v23.5 - https:\/\/yoast.com\/wordpress\/plugins\/seo\/ -->\n<title>Materiais - WOODSTILL<\/title>\n<meta name=\"robots\" content=\"index, follow, max-snippet:-1, max-image-preview:large, max-video-preview:-1\" \/>\n<link rel=\"canonical\" href=\"https:\/\/woodstill.com\/index.php\/materiais\/\" \/>\n<meta property=\"og:locale\" content=\"pt_PT\" \/>\n<meta property=\"og:type\" content=\"article\" \/>\n<meta property=\"og:title\" content=\"Materiais - WOODSTILL\" \/>\n<meta property=\"og:description\" content=\"[vc_row type=&#8221;in_container&#8221; full_screen_row_position=&#8221;middle&#8221; column_margin=&#8221;default&#8221; column_direction=&#8221;default&#8221; column_direction_tablet=&#8221;default&#8221; column_direction_phone=&#8221;default&#8221; scene_position=&#8221;center&#8221; bottom_padding=&#8221;0%&#8221; left_padding_desktop=&#8221;8%&#8221; right_padding_desktop=&#8221;8%&#8221; top_padding_tablet=&#8221;10%&#8221; bottom_padding_tablet=&#8221;15%&#8221; left_padding_tablet=&#8221;8%&#8221; top_padding_phone=&#8221;-20%&#8221; text_color=&#8221;dark&#8221; text_align=&#8221;left&#8221; row_border_radius=&#8221;none&#8221; row_border_radius_applies=&#8221;bg&#8221; overflow=&#8221;hidden&#8221; advanced_gradient_angle=&#8221;0&#8243; overlay_strength=&#8221;0.3&#8243; gradient_direction=&#8221;left_to_right&#8221; shape_divider_color=&#8221;#000000&#8243; shape_divider_position=&#8221;top&#8221; bg_image_animation=&#8221;none&#8221; shape_type=&#8221;straight_section&#8221; gradient_type=&#8221;default&#8221;][vc_column column_padding=&#8221;no-extra-padding&#8221; column_padding_tablet=&#8221;inherit&#8221;...\" \/>\n<meta property=\"og:url\" content=\"https:\/\/woodstill.com\/index.php\/materiais\/\" \/>\n<meta property=\"og:site_name\" content=\"WOODSTILL\" \/>\n<meta property=\"article:modified_time\" content=\"2023-02-19T10:13:22+00:00\" \/>\n<meta property=\"og:image\" content=\"https:\/\/woodstill.com\/wp-content\/uploads\/2023\/02\/1MES.png\" \/>\n<meta name=\"twitter:card\" content=\"summary_large_image\" \/>\n<meta name=\"twitter:label1\" content=\"Tempo estimado de leitura\" \/>\n\t<meta name=\"twitter:data1\" content=\"8 minutos\" \/>\n<script type=\"application\/ld+json\" class=\"yoast-schema-graph\">{\"@context\":\"https:\/\/schema.org\",\"@graph\":[{\"@type\":\"WebPage\",\"@id\":\"https:\/\/woodstill.com\/index.php\/materiais\/\",\"url\":\"https:\/\/woodstill.com\/index.php\/materiais\/\",\"name\":\"Materiais - WOODSTILL\",\"isPartOf\":{\"@id\":\"https:\/\/woodstill.com\/#website\"},\"primaryImageOfPage\":{\"@id\":\"https:\/\/woodstill.com\/index.php\/materiais\/#primaryimage\"},\"image\":{\"@id\":\"https:\/\/woodstill.com\/index.php\/materiais\/#primaryimage\"},\"thumbnailUrl\":\"https:\/\/woodstill.com\/wp-content\/uploads\/2023\/02\/1MES.png\",\"datePublished\":\"2023-02-18T08:08:10+00:00\",\"dateModified\":\"2023-02-19T10:13:22+00:00\",\"breadcrumb\":{\"@id\":\"https:\/\/woodstill.com\/index.php\/materiais\/#breadcrumb\"},\"inLanguage\":\"pt-PT\",\"potentialAction\":[{\"@type\":\"ReadAction\",\"target\":[\"https:\/\/woodstill.com\/index.php\/materiais\/\"]}]},{\"@type\":\"ImageObject\",\"inLanguage\":\"pt-PT\",\"@id\":\"https:\/\/woodstill.com\/index.php\/materiais\/#primaryimage\",\"url\":\"https:\/\/woodstill.com\/wp-content\/uploads\/2023\/02\/1MES.png\",\"contentUrl\":\"https:\/\/woodstill.com\/wp-content\/uploads\/2023\/02\/1MES.png\",\"width\":259,\"height\":15},{\"@type\":\"BreadcrumbList\",\"@id\":\"https:\/\/woodstill.com\/index.php\/materiais\/#breadcrumb\",\"itemListElement\":[{\"@type\":\"ListItem\",\"position\":1,\"name\":\"Home\",\"item\":\"https:\/\/woodstill.com\/\"},{\"@type\":\"ListItem\",\"position\":2,\"name\":\"Materiais\"}]},{\"@type\":\"WebSite\",\"@id\":\"https:\/\/woodstill.com\/#website\",\"url\":\"https:\/\/woodstill.com\/\",\"name\":\"WOODSTILL\",\"description\":\"Outdoor Lighting and Urban Furniture\",\"potentialAction\":[{\"@type\":\"SearchAction\",\"target\":{\"@type\":\"EntryPoint\",\"urlTemplate\":\"https:\/\/woodstill.com\/?s={search_term_string}\"},\"query-input\":{\"@type\":\"PropertyValueSpecification\",\"valueRequired\":true,\"valueName\":\"search_term_string\"}}],\"inLanguage\":\"pt-PT\"}]}<\/script>\n<!-- \/ Yoast SEO plugin. -->","yoast_head_json":{"title":"Materiais - WOODSTILL","robots":{"index":"index","follow":"follow","max-snippet":"max-snippet:-1","max-image-preview":"max-image-preview:large","max-video-preview":"max-video-preview:-1"},"canonical":"https:\/\/woodstill.com\/index.php\/materiais\/","og_locale":"pt_PT","og_type":"article","og_title":"Materiais - WOODSTILL","og_description":"[vc_row type=&#8221;in_container&#8221; full_screen_row_position=&#8221;middle&#8221; column_margin=&#8221;default&#8221; column_direction=&#8221;default&#8221; column_direction_tablet=&#8221;default&#8221; column_direction_phone=&#8221;default&#8221; scene_position=&#8221;center&#8221; bottom_padding=&#8221;0%&#8221; left_padding_desktop=&#8221;8%&#8221; right_padding_desktop=&#8221;8%&#8221; top_padding_tablet=&#8221;10%&#8221; bottom_padding_tablet=&#8221;15%&#8221; left_padding_tablet=&#8221;8%&#8221; top_padding_phone=&#8221;-20%&#8221; text_color=&#8221;dark&#8221; text_align=&#8221;left&#8221; row_border_radius=&#8221;none&#8221; row_border_radius_applies=&#8221;bg&#8221; overflow=&#8221;hidden&#8221; advanced_gradient_angle=&#8221;0&#8243; overlay_strength=&#8221;0.3&#8243; gradient_direction=&#8221;left_to_right&#8221; shape_divider_color=&#8221;#000000&#8243; shape_divider_position=&#8221;top&#8221; bg_image_animation=&#8221;none&#8221; shape_type=&#8221;straight_section&#8221; gradient_type=&#8221;default&#8221;][vc_column column_padding=&#8221;no-extra-padding&#8221; column_padding_tablet=&#8221;inherit&#8221;...","og_url":"https:\/\/woodstill.com\/index.php\/materiais\/","og_site_name":"WOODSTILL","article_modified_time":"2023-02-19T10:13:22+00:00","og_image":[{"url":"https:\/\/woodstill.com\/wp-content\/uploads\/2023\/02\/1MES.png"}],"twitter_card":"summary_large_image","twitter_misc":{"Tempo estimado de leitura":"8 minutos"},"schema":{"@context":"https:\/\/schema.org","@graph":[{"@type":"WebPage","@id":"https:\/\/woodstill.com\/index.php\/materiais\/","url":"https:\/\/woodstill.com\/index.php\/materiais\/","name":"Materiais - WOODSTILL","isPartOf":{"@id":"https:\/\/woodstill.com\/#website"},"primaryImageOfPage":{"@id":"https:\/\/woodstill.com\/index.php\/materiais\/#primaryimage"},"image":{"@id":"https:\/\/woodstill.com\/index.php\/materiais\/#primaryimage"},"thumbnailUrl":"https:\/\/woodstill.com\/wp-content\/uploads\/2023\/02\/1MES.png","datePublished":"2023-02-18T08:08:10+00:00","dateModified":"2023-02-19T10:13:22+00:00","breadcrumb":{"@id":"https:\/\/woodstill.com\/index.php\/materiais\/#breadcrumb"},"inLanguage":"pt-PT","potentialAction":[{"@type":"ReadAction","target":["https:\/\/woodstill.com\/index.php\/materiais\/"]}]},{"@type":"ImageObject","inLanguage":"pt-PT","@id":"https:\/\/woodstill.com\/index.php\/materiais\/#primaryimage","url":"https:\/\/woodstill.com\/wp-content\/uploads\/2023\/02\/1MES.png","contentUrl":"https:\/\/woodstill.com\/wp-content\/uploads\/2023\/02\/1MES.png","width":259,"height":15},{"@type":"BreadcrumbList","@id":"https:\/\/woodstill.com\/index.php\/materiais\/#breadcrumb","itemListElement":[{"@type":"ListItem","position":1,"name":"Home","item":"https:\/\/woodstill.com\/"},{"@type":"ListItem","position":2,"name":"Materiais"}]},{"@type":"WebSite","@id":"https:\/\/woodstill.com\/#website","url":"https:\/\/woodstill.com\/","name":"WOODSTILL","description":"Outdoor Lighting and Urban Furniture","potentialAction":[{"@type":"SearchAction","target":{"@type":"EntryPoint","urlTemplate":"https:\/\/woodstill.com\/?s={search_term_string}"},"query-input":{"@type":"PropertyValueSpecification","valueRequired":true,"valueName":"search_term_string"}}],"inLanguage":"pt-PT"}]}},"_links":{"self":[{"href":"https:\/\/woodstill.com\/index.php\/wp-json\/wp\/v2\/pages\/854"}],"collection":[{"href":"https:\/\/woodstill.com\/index.php\/wp-json\/wp\/v2\/pages"}],"about":[{"href":"https:\/\/woodstill.com\/index.php\/wp-json\/wp\/v2\/types\/page"}],"author":[{"embeddable":true,"href":"https:\/\/woodstill.com\/index.php\/wp-json\/wp\/v2\/users\/1"}],"replies":[{"embeddable":true,"href":"https:\/\/woodstill.com\/index.php\/wp-json\/wp\/v2\/comments?post=854"}],"version-history":[{"count":7,"href":"https:\/\/woodstill.com\/index.php\/wp-json\/wp\/v2\/pages\/854\/revisions"}],"predecessor-version":[{"id":917,"href":"https:\/\/woodstill.com\/index.php\/wp-json\/wp\/v2\/pages\/854\/revisions\/917"}],"wp:attachment":[{"href":"https:\/\/woodstill.com\/index.php\/wp-json\/wp\/v2\/media?parent=854"}],"curies":[{"name":"wp","href":"https:\/\/api.w.org\/{rel}","templated":true}]}}