{"id":1097,"date":"2025-05-09T17:11:30","date_gmt":"2025-05-09T17:11:30","guid":{"rendered":"https:\/\/woodstill.com\/?page_id=1097"},"modified":"2025-05-09T17:33:35","modified_gmt":"2025-05-09T17:33:35","slug":"pimenteiros-estacao-energia-e-agua","status":"publish","type":"page","link":"https:\/\/woodstill.com\/index.php\/pimenteiros-estacao-energia-e-agua\/","title":{"rendered":"PIMENTEIROS | Mobili\u00e1rio Urbano"},"content":{"rendered":"[vc_row type=&#8221;in_container&#8221; full_screen_row_position=&#8221;middle&#8221; column_margin=&#8221;30px&#8221; equal_height=&#8221;yes&#8221; content_placement=&#8221;middle&#8221; column_direction=&#8221;default&#8221; column_direction_tablet=&#8221;default&#8221; column_direction_phone=&#8221;default&#8221; scene_position=&#8221;center&#8221; top_padding=&#8221;5%&#8221; bottom_padding=&#8221;5%&#8221; left_padding_desktop=&#8221;6%&#8221; constrain_group_2=&#8221;yes&#8221; right_padding_desktop=&#8221;6%&#8221; top_padding_tablet=&#8221;10%&#8221; bottom_padding_tablet=&#8221;20%&#8221; text_color=&#8221;dark&#8221; text_align=&#8221;left&#8221; row_border_radius=&#8221;none&#8221; row_border_radius_applies=&#8221;bg&#8221; overflow=&#8221;visible&#8221; id=&#8221;values&#8221; advanced_gradient_angle=&#8221;0&#8243; overlay_strength=&#8221;0.3&#8243; gradient_direction=&#8221;left_to_right&#8221; shape_divider_position=&#8221;bottom&#8221; bg_image_animation=&#8221;none&#8221; shape_type=&#8221;&#8221; gradient_type=&#8221;default&#8221;][vc_column column_padding=&#8221;no-extra-padding&#8221; column_padding_tablet=&#8221;inherit&#8221; column_padding_phone=&#8221;inherit&#8221; column_padding_position=&#8221;all&#8221; column_element_spacing=&#8221;default&#8221; background_color_opacity=&#8221;1&#8243; background_hover_color_opacity=&#8221;1&#8243; column_shadow=&#8221;none&#8221; column_border_radius=&#8221;none&#8221; column_link_target=&#8221;_self&#8221; column_position=&#8221;default&#8221; gradient_direction=&#8221;left_to_right&#8221; overlay_strength=&#8221;0.3&#8243; width=&#8221;1\/1&#8243; tablet_width_inherit=&#8221;default&#8221; tablet_text_alignment=&#8221;default&#8221; phone_text_alignment=&#8221;default&#8221; animation_type=&#8221;default&#8221; bg_image_animation=&#8221;none&#8221; border_type=&#8221;simple&#8221; column_border_width=&#8221;none&#8221; column_border_style=&#8221;solid&#8221;][vc_row_inner column_margin=&#8221;none&#8221; column_direction=&#8221;default&#8221; column_direction_tablet=&#8221;default&#8221; column_direction_phone=&#8221;default&#8221; text_align=&#8221;left&#8221; row_position=&#8221;default&#8221; row_position_tablet=&#8221;inherit&#8221; row_position_phone=&#8221;inherit&#8221; overflow=&#8221;visible&#8221; pointer_events=&#8221;all&#8221;][vc_column_inner column_padding=&#8221;no-extra-padding&#8221; column_padding_tablet=&#8221;inherit&#8221; column_padding_phone=&#8221;inherit&#8221; column_padding_position=&#8221;all&#8221; column_element_spacing=&#8221;default&#8221; background_color_opacity=&#8221;1&#8243; background_hover_color_opacity=&#8221;1&#8243; column_shadow=&#8221;none&#8221; column_border_radius=&#8221;none&#8221; column_link_target=&#8221;_self&#8221; gradient_direction=&#8221;left_to_right&#8221; overlay_strength=&#8221;0.3&#8243; width=&#8221;1\/1&#8243; tablet_width_inherit=&#8221;default&#8221; animation_type=&#8221;default&#8221; bg_image_animation=&#8221;none&#8221; border_type=&#8221;simple&#8221; column_border_width=&#8221;none&#8221; column_border_style=&#8221;solid&#8221;][split_line_heading animation_type=&#8221;line-reveal-by-space&#8221; font_style=&#8221;h2&#8243; line_reveal_by_space_text_effect=&#8221;letter-reveal-bottom&#8221; stagger_animation=&#8221;true&#8221; content_alignment=&#8221;default&#8221; mobile_content_alignment=&#8221;inherit&#8221; link_target=&#8221;_self&#8221; text_content=&#8221;Esta\u00e7\u00e3o de energia e \u00e1gua | PIMENTEIROS&#8221; font_size_tablet=&#8221;8vw&#8221; font_size_phone=&#8221;10vw&#8221;][\/split_line_heading][vc_column_text]<strong>Energia onde a natureza inspira.<br \/>\n<\/strong><br \/>\nA Esta\u00e7\u00e3o de Energia e \u00c1gua Exterior Woodstill foi desenhada para quem quer oferecer infraestruturas modernas em espa\u00e7os naturais, sem comprometer a paisagem.<\/p>\n<p>Com um design robusto e elegante, em madeira tratada e acabamento natural; esta esta\u00e7\u00e3o disponibiliza uma tomada industrial CEE de 16A\/230V e\/ou abastecimento de \u00e1gua com torneira de \u00be\u201d. Pode ser equipada tamb\u00e9m com ponto de ilumina\u00e7\u00e3o balizador. \u00c9 ideal para zonas de campismo, \u00e1reas de lazer, parques florestais, eventos ao ar livre e muito mais.[\/vc_column_text][\/vc_column_inner][\/vc_row_inner][vc_row_inner column_margin=&#8221;20px&#8221; column_direction=&#8221;default&#8221; column_direction_tablet=&#8221;default&#8221; column_direction_phone=&#8221;default&#8221; text_align=&#8221;left&#8221; row_position=&#8221;default&#8221; row_position_tablet=&#8221;inherit&#8221; row_position_phone=&#8221;inherit&#8221; overflow=&#8221;visible&#8221; pointer_events=&#8221;all&#8221;][vc_column_inner column_padding=&#8221;no-extra-padding&#8221; column_padding_tablet=&#8221;inherit&#8221; column_padding_phone=&#8221;inherit&#8221; column_padding_position=&#8221;all&#8221; column_element_spacing=&#8221;default&#8221; background_color_opacity=&#8221;1&#8243; background_hover_color_opacity=&#8221;1&#8243; column_shadow=&#8221;none&#8221; column_border_radius=&#8221;none&#8221; column_link_target=&#8221;_self&#8221; gradient_direction=&#8221;left_to_right&#8221; overlay_strength=&#8221;0.3&#8243; width=&#8221;1\/2&#8243; tablet_width_inherit=&#8221;default&#8221; animation_type=&#8221;default&#8221; bg_image_animation=&#8221;none&#8221; border_type=&#8221;simple&#8221; column_border_width=&#8221;none&#8221; column_border_style=&#8221;solid&#8221;][divider line_type=&#8221;No Line&#8221; custom_height=&#8221;60PX&#8221;][vc_column_text]\n<h3><b>Energia segura e fi\u00e1vel<\/b><\/h3>\n<p><span style=\"font-weight: 400;\">Equipada com <\/span><b>tomada<\/b><span style=\"font-weight: 400;\">, esta esta\u00e7\u00e3o permite o fornecimento de energia a caravanas, tendas, equipamentos el\u00e9tricos ou pontos de apoio a eventos.<\/span><\/p>\n<h3><b>Abastecimento de \u00e1gua<\/b><\/h3>\n<p><span style=\"font-weight: 400;\">Equipada com <\/span><b>torneira de 3\/4<\/b><span style=\"font-weight: 400;\">, esta esta\u00e7\u00e3o permite o abastecimento de \u00e1gua para caravanas, tendas ou pontos de apoio a eventos.<\/span><\/p>\n<h3><b>Ilumina\u00e7\u00e3o inteligente<\/b><\/h3>\n<p><span style=\"font-weight: 400;\">A luz embutida na parte superior pode funcionar com sensor ou comando, garantindo <\/span><b>visibilidade noturna<\/b><span style=\"font-weight: 400;\"> e aumentando a seguran\u00e7a em qualquer espa\u00e7o exterior.<\/span><\/p>\n<h3><b>Caracter\u00edsticas t\u00e9cnicas:<\/b><\/h3>\n<ul>\n<li style=\"font-weight: 400;\" aria-level=\"1\"><b>Material:<\/b><span style=\"font-weight: 400;\"> Madeira nacional com tratamento para exterior<\/span><\/li>\n<li style=\"font-weight: 400;\" aria-level=\"1\"><b>Tomada:<\/b><span style=\"font-weight: 400;\"> CEE 16A\/230V com prote\u00e7\u00e3o<\/span><\/li>\n<li style=\"font-weight: 400;\" aria-level=\"1\"><b>Abastecimento:<\/b><span style=\"font-weight: 400;\"> Ponto de \u00e1gua com torneira<\/span><\/li>\n<li style=\"font-weight: 400;\" aria-level=\"1\"><b>Ilumina\u00e7\u00e3o:<\/b><span style=\"font-weight: 400;\"> LED embutido com lente discreta<\/span><\/li>\n<li style=\"font-weight: 400;\" aria-level=\"1\"><b>Instala\u00e7\u00e3o:<\/b><span style=\"font-weight: 400;\"> Fixa ao solo com base resistente<\/span><\/li>\n<li style=\"font-weight: 400;\" aria-level=\"1\"><b>Resist\u00eancia:<\/b><span style=\"font-weight: 400;\"> Preparado para ser utilizado em qualquer esta\u00e7\u00e3o do ano<\/span><\/li>\n<\/ul>\n[\/vc_column_text][divider line_type=&#8221;No Line&#8221; custom_height=&#8221;60PX&#8221;][split_line_heading animation_type=&#8221;line-reveal-by-space&#8221; font_style=&#8221;h3&#8243; line_reveal_by_space_text_effect=&#8221;none&#8221; content_alignment=&#8221;default&#8221; mobile_content_alignment=&#8221;inherit&#8221; link_target=&#8221;_self&#8221; text_content=&#8221;Quer obter mais informa\u00e7\u00f5es sobre este produto?&#8221; font_size_tablet=&#8221;8vw&#8221; font_size_phone=&#8221;10vw&#8221;][\/split_line_heading][vc_column_text]Prometemos uma resposta c\u00e9lere atrav\u00e9s do nosso chat online.[\/vc_column_text][nectar_cta btn_style=&#8221;see-through&#8221; heading_tag=&#8221;h6&#8243; text_color=&#8221;#000000&#8243; button_color=&#8221;default&#8221; button_border_color=&#8221;#ffffff&#8221; button_border_color_hover=&#8221;#0a0a0a&#8221; button_border_thickness=&#8221;0px&#8221; link_type=&#8221;regular&#8221; alignment=&#8221;left&#8221; alignment_tablet=&#8221;default&#8221; alignment_phone=&#8221;default&#8221; display=&#8221;block&#8221; display_tablet=&#8221;inherit&#8221; display_phone=&#8221;inherit&#8221; link_text=&#8221;Entrar em contacto&#8221; margin_top=&#8221;15&#8243; padding_top=&#8221;15&#8243; padding_bottom=&#8221;0&#8243; padding_left=&#8221;0&#8243; padding_right=&#8221;0&#8243; url=&#8221;https:\/\/woodstill.com\/index.php\/contactos\/&#8221;][\/vc_column_inner][vc_column_inner column_padding=&#8221;no-extra-padding&#8221; column_padding_tablet=&#8221;inherit&#8221; column_padding_phone=&#8221;inherit&#8221; column_padding_position=&#8221;all&#8221; column_element_spacing=&#8221;default&#8221; background_color_opacity=&#8221;1&#8243; background_hover_color_opacity=&#8221;1&#8243; column_shadow=&#8221;none&#8221; column_border_radius=&#8221;none&#8221; column_link_target=&#8221;_self&#8221; gradient_direction=&#8221;left_to_right&#8221; overlay_strength=&#8221;0.3&#8243; width=&#8221;1\/2&#8243; tablet_width_inherit=&#8221;default&#8221; animation_type=&#8221;default&#8221; bg_image_animation=&#8221;none&#8221; border_type=&#8221;simple&#8221; column_border_width=&#8221;none&#8221; column_border_style=&#8221;solid&#8221;][divider line_type=&#8221;No Line&#8221; custom_height=&#8221;40PX&#8221;][image_with_animation image_url=&#8221;1099&#8243; image_size=&#8221;large&#8221; animation_type=&#8221;entrance&#8221; animation=&#8221;Fade In&#8221; hover_animation=&#8221;none&#8221; alignment=&#8221;&#8221; border_radius=&#8221;none&#8221; box_shadow=&#8221;none&#8221; image_loading=&#8221;default&#8221; max_width=&#8221;100%&#8221; max_width_mobile=&#8221;default&#8221;][\/vc_column_inner][\/vc_row_inner][\/vc_column][\/vc_row]\n","protected":false},"excerpt":{"rendered":"<p>[vc_row type=&#8221;in_container&#8221; full_screen_row_position=&#8221;middle&#8221; column_margin=&#8221;30px&#8221; equal_height=&#8221;yes&#8221; content_placement=&#8221;middle&#8221; column_direction=&#8221;default&#8221; column_direction_tablet=&#8221;default&#8221; column_direction_phone=&#8221;default&#8221; scene_position=&#8221;center&#8221; top_padding=&#8221;5%&#8221; bottom_padding=&#8221;5%&#8221; left_padding_desktop=&#8221;6%&#8221; constrain_group_2=&#8221;yes&#8221; right_padding_desktop=&#8221;6%&#8221; top_padding_tablet=&#8221;10%&#8221; bottom_padding_tablet=&#8221;20%&#8221; text_color=&#8221;dark&#8221; text_align=&#8221;left&#8221; row_border_radius=&#8221;none&#8221; row_border_radius_applies=&#8221;bg&#8221; overflow=&#8221;visible&#8221; id=&#8221;values&#8221; advanced_gradient_angle=&#8221;0&#8243; overlay_strength=&#8221;0.3&#8243; gradient_direction=&#8221;left_to_right&#8221; shape_divider_position=&#8221;bottom&#8221; bg_image_animation=&#8221;none&#8221; shape_type=&#8221;&#8221; gradient_type=&#8221;default&#8221;][vc_column&#8230;<\/p>\n","protected":false},"author":1,"featured_media":0,"parent":0,"menu_order":0,"comment_status":"closed","ping_status":"closed","template":"","meta":{"footnotes":""},"class_list":["post-1097","page","type-page","status-publish"],"yoast_head":"<!-- This site is optimized with the Yoast SEO plugin v23.5 - https:\/\/yoast.com\/wordpress\/plugins\/seo\/ -->\n<title>PIMENTEIROS | Mobili\u00e1rio Urbano - WOODSTILL<\/title>\n<meta name=\"robots\" content=\"index, follow, max-snippet:-1, max-image-preview:large, max-video-preview:-1\" \/>\n<link rel=\"canonical\" href=\"https:\/\/woodstill.com\/index.php\/pimenteiros-estacao-energia-e-agua\/\" \/>\n<meta property=\"og:locale\" content=\"pt_PT\" \/>\n<meta property=\"og:type\" content=\"article\" \/>\n<meta property=\"og:title\" content=\"PIMENTEIROS | Mobili\u00e1rio Urbano - WOODSTILL\" \/>\n<meta property=\"og:description\" content=\"[vc_row type=&#8221;in_container&#8221; full_screen_row_position=&#8221;middle&#8221; column_margin=&#8221;30px&#8221; equal_height=&#8221;yes&#8221; content_placement=&#8221;middle&#8221; column_direction=&#8221;default&#8221; column_direction_tablet=&#8221;default&#8221; column_direction_phone=&#8221;default&#8221; scene_position=&#8221;center&#8221; top_padding=&#8221;5%&#8221; bottom_padding=&#8221;5%&#8221; left_padding_desktop=&#8221;6%&#8221; constrain_group_2=&#8221;yes&#8221; right_padding_desktop=&#8221;6%&#8221; top_padding_tablet=&#8221;10%&#8221; bottom_padding_tablet=&#8221;20%&#8221; text_color=&#8221;dark&#8221; text_align=&#8221;left&#8221; row_border_radius=&#8221;none&#8221; row_border_radius_applies=&#8221;bg&#8221; overflow=&#8221;visible&#8221; id=&#8221;values&#8221; advanced_gradient_angle=&#8221;0&#8243; overlay_strength=&#8221;0.3&#8243; gradient_direction=&#8221;left_to_right&#8221; shape_divider_position=&#8221;bottom&#8221; bg_image_animation=&#8221;none&#8221; shape_type=&#8221;&#8221; gradient_type=&#8221;default&#8221;][vc_column...\" \/>\n<meta property=\"og:url\" content=\"https:\/\/woodstill.com\/index.php\/pimenteiros-estacao-energia-e-agua\/\" \/>\n<meta property=\"og:site_name\" content=\"WOODSTILL\" \/>\n<meta property=\"article:modified_time\" content=\"2025-05-09T17:33:35+00:00\" \/>\n<meta name=\"twitter:card\" content=\"summary_large_image\" \/>\n<meta name=\"twitter:label1\" content=\"Tempo estimado de leitura\" \/>\n\t<meta name=\"twitter:data1\" content=\"3 minutos\" \/>\n<script type=\"application\/ld+json\" class=\"yoast-schema-graph\">{\"@context\":\"https:\/\/schema.org\",\"@graph\":[{\"@type\":\"WebPage\",\"@id\":\"https:\/\/woodstill.com\/index.php\/pimenteiros-estacao-energia-e-agua\/\",\"url\":\"https:\/\/woodstill.com\/index.php\/pimenteiros-estacao-energia-e-agua\/\",\"name\":\"PIMENTEIROS | Mobili\u00e1rio Urbano - WOODSTILL\",\"isPartOf\":{\"@id\":\"https:\/\/woodstill.com\/#website\"},\"datePublished\":\"2025-05-09T17:11:30+00:00\",\"dateModified\":\"2025-05-09T17:33:35+00:00\",\"breadcrumb\":{\"@id\":\"https:\/\/woodstill.com\/index.php\/pimenteiros-estacao-energia-e-agua\/#breadcrumb\"},\"inLanguage\":\"pt-PT\",\"potentialAction\":[{\"@type\":\"ReadAction\",\"target\":[\"https:\/\/woodstill.com\/index.php\/pimenteiros-estacao-energia-e-agua\/\"]}]},{\"@type\":\"BreadcrumbList\",\"@id\":\"https:\/\/woodstill.com\/index.php\/pimenteiros-estacao-energia-e-agua\/#breadcrumb\",\"itemListElement\":[{\"@type\":\"ListItem\",\"position\":1,\"name\":\"Home\",\"item\":\"https:\/\/woodstill.com\/\"},{\"@type\":\"ListItem\",\"position\":2,\"name\":\"PIMENTEIROS | Mobili\u00e1rio Urbano\"}]},{\"@type\":\"WebSite\",\"@id\":\"https:\/\/woodstill.com\/#website\",\"url\":\"https:\/\/woodstill.com\/\",\"name\":\"WOODSTILL\",\"description\":\"Outdoor Lighting and Urban Furniture\",\"potentialAction\":[{\"@type\":\"SearchAction\",\"target\":{\"@type\":\"EntryPoint\",\"urlTemplate\":\"https:\/\/woodstill.com\/?s={search_term_string}\"},\"query-input\":{\"@type\":\"PropertyValueSpecification\",\"valueRequired\":true,\"valueName\":\"search_term_string\"}}],\"inLanguage\":\"pt-PT\"}]}<\/script>\n<!-- \/ Yoast SEO plugin. -->","yoast_head_json":{"title":"PIMENTEIROS | Mobili\u00e1rio Urbano - WOODSTILL","robots":{"index":"index","follow":"follow","max-snippet":"max-snippet:-1","max-image-preview":"max-image-preview:large","max-video-preview":"max-video-preview:-1"},"canonical":"https:\/\/woodstill.com\/index.php\/pimenteiros-estacao-energia-e-agua\/","og_locale":"pt_PT","og_type":"article","og_title":"PIMENTEIROS | Mobili\u00e1rio Urbano - WOODSTILL","og_description":"[vc_row type=&#8221;in_container&#8221; full_screen_row_position=&#8221;middle&#8221; column_margin=&#8221;30px&#8221; equal_height=&#8221;yes&#8221; content_placement=&#8221;middle&#8221; column_direction=&#8221;default&#8221; column_direction_tablet=&#8221;default&#8221; column_direction_phone=&#8221;default&#8221; scene_position=&#8221;center&#8221; top_padding=&#8221;5%&#8221; bottom_padding=&#8221;5%&#8221; left_padding_desktop=&#8221;6%&#8221; constrain_group_2=&#8221;yes&#8221; right_padding_desktop=&#8221;6%&#8221; top_padding_tablet=&#8221;10%&#8221; bottom_padding_tablet=&#8221;20%&#8221; text_color=&#8221;dark&#8221; text_align=&#8221;left&#8221; row_border_radius=&#8221;none&#8221; row_border_radius_applies=&#8221;bg&#8221; overflow=&#8221;visible&#8221; id=&#8221;values&#8221; advanced_gradient_angle=&#8221;0&#8243; overlay_strength=&#8221;0.3&#8243; gradient_direction=&#8221;left_to_right&#8221; shape_divider_position=&#8221;bottom&#8221; bg_image_animation=&#8221;none&#8221; shape_type=&#8221;&#8221; gradient_type=&#8221;default&#8221;][vc_column...","og_url":"https:\/\/woodstill.com\/index.php\/pimenteiros-estacao-energia-e-agua\/","og_site_name":"WOODSTILL","article_modified_time":"2025-05-09T17:33:35+00:00","twitter_card":"summary_large_image","twitter_misc":{"Tempo estimado de leitura":"3 minutos"},"schema":{"@context":"https:\/\/schema.org","@graph":[{"@type":"WebPage","@id":"https:\/\/woodstill.com\/index.php\/pimenteiros-estacao-energia-e-agua\/","url":"https:\/\/woodstill.com\/index.php\/pimenteiros-estacao-energia-e-agua\/","name":"PIMENTEIROS | Mobili\u00e1rio Urbano - WOODSTILL","isPartOf":{"@id":"https:\/\/woodstill.com\/#website"},"datePublished":"2025-05-09T17:11:30+00:00","dateModified":"2025-05-09T17:33:35+00:00","breadcrumb":{"@id":"https:\/\/woodstill.com\/index.php\/pimenteiros-estacao-energia-e-agua\/#breadcrumb"},"inLanguage":"pt-PT","potentialAction":[{"@type":"ReadAction","target":["https:\/\/woodstill.com\/index.php\/pimenteiros-estacao-energia-e-agua\/"]}]},{"@type":"BreadcrumbList","@id":"https:\/\/woodstill.com\/index.php\/pimenteiros-estacao-energia-e-agua\/#breadcrumb","itemListElement":[{"@type":"ListItem","position":1,"name":"Home","item":"https:\/\/woodstill.com\/"},{"@type":"ListItem","position":2,"name":"PIMENTEIROS | Mobili\u00e1rio Urbano"}]},{"@type":"WebSite","@id":"https:\/\/woodstill.com\/#website","url":"https:\/\/woodstill.com\/","name":"WOODSTILL","description":"Outdoor Lighting and Urban Furniture","potentialAction":[{"@type":"SearchAction","target":{"@type":"EntryPoint","urlTemplate":"https:\/\/woodstill.com\/?s={search_term_string}"},"query-input":{"@type":"PropertyValueSpecification","valueRequired":true,"valueName":"search_term_string"}}],"inLanguage":"pt-PT"}]}},"_links":{"self":[{"href":"https:\/\/woodstill.com\/index.php\/wp-json\/wp\/v2\/pages\/1097"}],"collection":[{"href":"https:\/\/woodstill.com\/index.php\/wp-json\/wp\/v2\/pages"}],"about":[{"href":"https:\/\/woodstill.com\/index.php\/wp-json\/wp\/v2\/types\/page"}],"author":[{"embeddable":true,"href":"https:\/\/woodstill.com\/index.php\/wp-json\/wp\/v2\/users\/1"}],"replies":[{"embeddable":true,"href":"https:\/\/woodstill.com\/index.php\/wp-json\/wp\/v2\/comments?post=1097"}],"version-history":[{"count":5,"href":"https:\/\/woodstill.com\/index.php\/wp-json\/wp\/v2\/pages\/1097\/revisions"}],"predecessor-version":[{"id":1105,"href":"https:\/\/woodstill.com\/index.php\/wp-json\/wp\/v2\/pages\/1097\/revisions\/1105"}],"wp:attachment":[{"href":"https:\/\/woodstill.com\/index.php\/wp-json\/wp\/v2\/media?parent=1097"}],"curies":[{"name":"wp","href":"https:\/\/api.w.org\/{rel}","templated":true}]}}